{"id":1739,"date":"2021-12-13T10:31:58","date_gmt":"2021-12-13T03:31:58","guid":{"rendered":"http:\/\/33811.lamdx.vinawebsite.vn\/co-so-vat-chat\/"},"modified":"2022-01-20T10:14:46","modified_gmt":"2022-01-20T03:14:46","slug":"facilities","status":"publish","type":"page","link":"https:\/\/iabm.edu.vn\/en\/facilities\/","title":{"rendered":"Facilities"},"content":{"rendered":"\t<section class=\"section sec_proom_info dark\" id=\"section_1438858214\">\n\t\t<div class=\"bg section-bg fill bg-fill bg-loaded bg-loaded\" >\n\n\t\t\t\n\t\t\t\n\t\t\t\n\n\t\t<\/div>\n\n\t\t<div class=\"section-content relative\">\n\t\t\t\r\n\r\n<div class=\"row row_proom_info\"  id=\"row-295786380\">\r\n\r\n\n\t<div id=\"col-291130937\" class=\"col col_info medium-12 small-12 large-4\"  >\n\t\t\t\t<div class=\"col-inner\"  >\n\t\t\t\n\t\t\t\r\n\r\n<div class=\"container section-title-container mb_45\" ><h1 class=\"section-title section-title-normal\"><b><\/b><span class=\"section-title-main\" >Facilities<\/span><b><\/b><\/h1><\/div>\r\n\r\n\t<div id=\"text-301598001\" class=\"text\">\n\t\t\r\n\r\nLocated in the heart of HCMC, IABM owns an open and spacious campus. The Institute has many classrooms and specialized function rooms with an abundance of modern facilities, suitable for each different course. This creates an idyllic learning and practice environment, bringing the best and most valuable experiences for students while training IABM.\r\n\r\n\t\t\n<style>\n#text-301598001 {\n  text-align: left;\n}\n<\/style>\n\t<\/div>\n\t\r\n\r\n\t\t<\/div>\n\t\t\t\t\t<\/div>\n\n\t\r\n\n\t<div id=\"col-2009383280\" class=\"col col_img medium-6 small-12 large-7\"  >\n\t\t\t\t<div class=\"col-inner\"  >\n\t\t\t\n\t\t\t\r\n\r\n\t<div class=\"img has-hover x md-x lg-x y md-y lg-y\" id=\"image_2016437723\">\n\t\t\t\t\t\t\t\t<div class=\"img-inner dark\" >\n\t\t\t<img width=\"2150\" height=\"1100\" src=\"https:\/\/iabm.edu.vn\/wp-content\/uploads\/2022\/01\/vien-ke-toan-va-quan-tri-doanh-nghiep-iabm.jpg\" class=\"attachment-original size-original\" alt=\"\" loading=\"lazy\" srcset=\"https:\/\/iabm.edu.vn\/wp-content\/uploads\/2022\/01\/vien-ke-toan-va-quan-tri-doanh-nghiep-iabm.jpg 2150w, https:\/\/iabm.edu.vn\/wp-content\/uploads\/2022\/01\/vien-ke-toan-va-quan-tri-doanh-nghiep-iabm-600x307.jpg 600w, https:\/\/iabm.edu.vn\/wp-content\/uploads\/2022\/01\/vien-ke-toan-va-quan-tri-doanh-nghiep-iabm-782x400.jpg 782w, https:\/\/iabm.edu.vn\/wp-content\/uploads\/2022\/01\/vien-ke-toan-va-quan-tri-doanh-nghiep-iabm-1400x716.jpg 1400w, https:\/\/iabm.edu.vn\/wp-content\/uploads\/2022\/01\/vien-ke-toan-va-quan-tri-doanh-nghiep-iabm-768x393.jpg 768w, https:\/\/iabm.edu.vn\/wp-content\/uploads\/2022\/01\/vien-ke-toan-va-quan-tri-doanh-nghiep-iabm-1536x786.jpg 1536w, https:\/\/iabm.edu.vn\/wp-content\/uploads\/2022\/01\/vien-ke-toan-va-quan-tri-doanh-nghiep-iabm-2048x1048.jpg 2048w\" sizes=\"(max-width: 2150px) 100vw, 2150px\" \/>\t\t\t\t\t\t\n\t\t\t\t\t<\/div>\n\t\t\t\t\t\t\t\t\n<style>\n#image_2016437723 {\n  width: 100%;\n}\n<\/style>\n\t<\/div>\n\t\r\n\r\n\t\t<\/div>\n\t\t\t\t\t<\/div>\n\n\t\r\n\r\n<\/div>\r\n\r\n\t\t<\/div>\n\n\t\t\n<style>\n#section_1438858214 {\n  padding-top: 100px;\n  padding-bottom: 100px;\n  background-color: rgb(0, 33, 70);\n}\n<\/style>\n\t<\/section>\n\t\n\t<section class=\"section sec_pgalleries\" id=\"section_817300797\">\n\t\t<div class=\"bg section-bg fill bg-fill bg-loaded bg-loaded\" >\n\n\t\t\t\n\t\t\t\n\t\t\t\n\n\t\t<\/div>\n\n\t\t<div class=\"section-content relative\">\n\t\t\t\n\n<div class=\"row row_pgalleries\"  id=\"row-1801716170\">\n\n\n\t<div id=\"col-735303479\" class=\"col pb-0 small-12 large-12\"  >\n\t\t\t\t<div class=\"col-inner\"  >\n\t\t\t\n\t\t\t\n\n<p>\t\t\t\t\t\t\t<div class=\"classroom_galleries\">\r\n\t\t\t\t\t\t\t\t\t\t\t<div class=\"item\" href=\"https:\/\/iabm.edu.vn\/wp-content\/uploads\/2021\/12\/cfo-hoc-chuyen-de-quan-tri-chien-luoc-tai-chinh-cong-ty-9.jpg\">\r\n\t\t\t\t\t\t\t\r\n\t\t\t\t\t\t\t<div class=\"inner\">\r\n\t\t\t\t\t\t\t\t<div class=\"img\">\r\n\t\t\t\t\t\t\t\t\t<div class=\"img-inner image-cover\">\r\n\t\t\t\t\t\t\t\t\t\t<img src=\"https:\/\/iabm.edu.vn\/wp-content\/uploads\/2021\/12\/cfo-hoc-chuyen-de-quan-tri-chien-luoc-tai-chinh-cong-ty-9.jpg\">\r\n\t\t\t\t\t\t\t\t\t<\/div>\r\n\t\t\t\t\t\t\t\t<\/div>\r\n\t\t\t\t\t\t\t<\/div>\r\n\t\t\t\t\t\t<\/div>\r\n\t\t\t\t\t\t\t\t\t\t\t<div class=\"item\" href=\"https:\/\/iabm.edu.vn\/wp-content\/uploads\/2021\/12\/cfo-hoc-chuyen-de-quan-tri-chien-luoc-tai-chinh-cong-ty-8.jpg\">\r\n\t\t\t\t\t\t\t\r\n\t\t\t\t\t\t\t<div class=\"inner\">\r\n\t\t\t\t\t\t\t\t<div class=\"img\">\r\n\t\t\t\t\t\t\t\t\t<div class=\"img-inner image-cover\">\r\n\t\t\t\t\t\t\t\t\t\t<img src=\"https:\/\/iabm.edu.vn\/wp-content\/uploads\/2021\/12\/cfo-hoc-chuyen-de-quan-tri-chien-luoc-tai-chinh-cong-ty-8.jpg\">\r\n\t\t\t\t\t\t\t\t\t<\/div>\r\n\t\t\t\t\t\t\t\t<\/div>\r\n\t\t\t\t\t\t\t<\/div>\r\n\t\t\t\t\t\t<\/div>\r\n\t\t\t\t\t\t\t\t\t\t\t<div class=\"item\" href=\"https:\/\/iabm.edu.vn\/wp-content\/uploads\/2021\/12\/cfo-hoc-chuyen-de-quan-tri-chien-luoc-tai-chinh-cong-ty-7.jpg\">\r\n\t\t\t\t\t\t\t\r\n\t\t\t\t\t\t\t<div class=\"inner\">\r\n\t\t\t\t\t\t\t\t<div class=\"img\">\r\n\t\t\t\t\t\t\t\t\t<div class=\"img-inner image-cover\">\r\n\t\t\t\t\t\t\t\t\t\t<img src=\"https:\/\/iabm.edu.vn\/wp-content\/uploads\/2021\/12\/cfo-hoc-chuyen-de-quan-tri-chien-luoc-tai-chinh-cong-ty-7.jpg\">\r\n\t\t\t\t\t\t\t\t\t<\/div>\r\n\t\t\t\t\t\t\t\t<\/div>\r\n\t\t\t\t\t\t\t<\/div>\r\n\t\t\t\t\t\t<\/div>\r\n\t\t\t\t\t\t\t\t\t\t\t<div class=\"item\" href=\"https:\/\/iabm.edu.vn\/wp-content\/uploads\/2021\/12\/cfo-hoc-chuyen-de-quan-tri-chien-luoc-tai-chinh-cong-ty-6.jpg\">\r\n\t\t\t\t\t\t\t\r\n\t\t\t\t\t\t\t<div class=\"inner\">\r\n\t\t\t\t\t\t\t\t<div class=\"img\">\r\n\t\t\t\t\t\t\t\t\t<div class=\"img-inner image-cover\">\r\n\t\t\t\t\t\t\t\t\t\t<img src=\"https:\/\/iabm.edu.vn\/wp-content\/uploads\/2021\/12\/cfo-hoc-chuyen-de-quan-tri-chien-luoc-tai-chinh-cong-ty-6.jpg\">\r\n\t\t\t\t\t\t\t\t\t<\/div>\r\n\t\t\t\t\t\t\t\t<\/div>\r\n\t\t\t\t\t\t\t<\/div>\r\n\t\t\t\t\t\t<\/div>\r\n\t\t\t\t\t\t\t\t\t\t\t<div class=\"item\" href=\"https:\/\/iabm.edu.vn\/wp-content\/uploads\/2021\/12\/cfo-hoc-chuyen-de-quan-tri-chien-luoc-tai-chinh-cong-ty-5.jpg\">\r\n\t\t\t\t\t\t\t\r\n\t\t\t\t\t\t\t<div class=\"inner\">\r\n\t\t\t\t\t\t\t\t<div class=\"img\">\r\n\t\t\t\t\t\t\t\t\t<div class=\"img-inner image-cover\">\r\n\t\t\t\t\t\t\t\t\t\t<img src=\"https:\/\/iabm.edu.vn\/wp-content\/uploads\/2021\/12\/cfo-hoc-chuyen-de-quan-tri-chien-luoc-tai-chinh-cong-ty-5.jpg\">\r\n\t\t\t\t\t\t\t\t\t<\/div>\r\n\t\t\t\t\t\t\t\t<\/div>\r\n\t\t\t\t\t\t\t<\/div>\r\n\t\t\t\t\t\t<\/div>\r\n\t\t\t\t\t\t\t\t\t\t\t<div class=\"item\" href=\"https:\/\/iabm.edu.vn\/wp-content\/uploads\/2021\/12\/cfo-hoc-chuyen-de-quan-tri-chien-luoc-tai-chinh-cong-ty-4.jpg\">\r\n\t\t\t\t\t\t\t\r\n\t\t\t\t\t\t\t<div class=\"inner\">\r\n\t\t\t\t\t\t\t\t<div class=\"img\">\r\n\t\t\t\t\t\t\t\t\t<div class=\"img-inner image-cover\">\r\n\t\t\t\t\t\t\t\t\t\t<img src=\"https:\/\/iabm.edu.vn\/wp-content\/uploads\/2021\/12\/cfo-hoc-chuyen-de-quan-tri-chien-luoc-tai-chinh-cong-ty-4.jpg\">\r\n\t\t\t\t\t\t\t\t\t<\/div>\r\n\t\t\t\t\t\t\t\t<\/div>\r\n\t\t\t\t\t\t\t<\/div>\r\n\t\t\t\t\t\t<\/div>\r\n\t\t\t\t\t\t\t\t\t\t\t<div class=\"item\" href=\"https:\/\/iabm.edu.vn\/wp-content\/uploads\/2021\/12\/cfo-hoc-chuyen-de-quan-tri-chien-luoc-tai-chinh-cong-ty-3.jpg\">\r\n\t\t\t\t\t\t\t\r\n\t\t\t\t\t\t\t<div class=\"inner\">\r\n\t\t\t\t\t\t\t\t<div class=\"img\">\r\n\t\t\t\t\t\t\t\t\t<div class=\"img-inner image-cover\">\r\n\t\t\t\t\t\t\t\t\t\t<img src=\"https:\/\/iabm.edu.vn\/wp-content\/uploads\/2021\/12\/cfo-hoc-chuyen-de-quan-tri-chien-luoc-tai-chinh-cong-ty-3.jpg\">\r\n\t\t\t\t\t\t\t\t\t<\/div>\r\n\t\t\t\t\t\t\t\t<\/div>\r\n\t\t\t\t\t\t\t<\/div>\r\n\t\t\t\t\t\t<\/div>\r\n\t\t\t\t\t\t\t\t\t\t\t<div class=\"item\" href=\"https:\/\/iabm.edu.vn\/wp-content\/uploads\/2021\/12\/cfo-hoc-chuyen-de-quan-tri-chien-luoc-tai-chinh-cong-ty-2.jpg\">\r\n\t\t\t\t\t\t\t\r\n\t\t\t\t\t\t\t<div class=\"inner\">\r\n\t\t\t\t\t\t\t\t<div class=\"img\">\r\n\t\t\t\t\t\t\t\t\t<div class=\"img-inner image-cover\">\r\n\t\t\t\t\t\t\t\t\t\t<img src=\"https:\/\/iabm.edu.vn\/wp-content\/uploads\/2021\/12\/cfo-hoc-chuyen-de-quan-tri-chien-luoc-tai-chinh-cong-ty-2.jpg\">\r\n\t\t\t\t\t\t\t\t\t<\/div>\r\n\t\t\t\t\t\t\t\t<\/div>\r\n\t\t\t\t\t\t\t<\/div>\r\n\t\t\t\t\t\t<\/div>\r\n\t\t\t\t\t\t\t\t\t\t\t<div class=\"item\" href=\"https:\/\/iabm.edu.vn\/wp-content\/uploads\/2021\/12\/cfo-hoc-chuyen-de-quan-tri-chien-luoc-tai-chinh-cong-ty-1.jpg\">\r\n\t\t\t\t\t\t\t\r\n\t\t\t\t\t\t\t<div class=\"inner\">\r\n\t\t\t\t\t\t\t\t<div class=\"img\">\r\n\t\t\t\t\t\t\t\t\t<div class=\"img-inner image-cover\">\r\n\t\t\t\t\t\t\t\t\t\t<img src=\"https:\/\/iabm.edu.vn\/wp-content\/uploads\/2021\/12\/cfo-hoc-chuyen-de-quan-tri-chien-luoc-tai-chinh-cong-ty-1.jpg\">\r\n\t\t\t\t\t\t\t\t\t<\/div>\r\n\t\t\t\t\t\t\t\t<\/div>\r\n\t\t\t\t\t\t\t<\/div>\r\n\t\t\t\t\t\t<\/div>\r\n\t\t\t\t\t\t\t\t\t<\/div>\r\n\t\t\t\t\t<\/p>\n\n\t\t<\/div>\n\t\t\t\t\t<\/div>\n\n\t\n\n<\/div>\n\n\t\t<\/div>\n\n\t\t\n<style>\n#section_817300797 {\n  padding-top: 100px;\n  padding-bottom: 100px;\n}\n<\/style>\n\t<\/section>\n\t\n","protected":false},"excerpt":{"rendered":"","protected":false},"author":1,"featured_media":0,"parent":0,"menu_order":0,"comment_status":"closed","ping_status":"closed","template":"page-co-so-vat-chat.php","meta":[],"yoast_head":"<!-- This site is optimized with the Yoast SEO plugin v18.1 - https:\/\/yoast.com\/wordpress\/plugins\/seo\/ -->\n<title>Facilities - Institute of Accounting and Business Management (IABM)<\/title>\n<meta name=\"description\" content=\"\u0110\u01b0\u1ee3c th\u00e0nh l\u1eadp v\u00e0o n\u0103m 2003, Vi\u1ec7n K\u1ebf to\u00e1n v\u00e0 Qu\u1ea3n tr\u1ecb doanh nghi\u1ec7p (IABM) l\u00e0 m\u1ed9t trong s\u1ed1 \u00edt nh\u1eefng Vi\u1ec7n \u0111\u00e0o t\u1ea1o ti\u00ean phong t\u1ea1i Vi\u1ec7t Nam v\u1ec1 K\u1ebf to\u00e1n, T\u00e0i ch\u00ednh, Qu\u1ea3n tr\u1ecb nh\u00e2n s\u1ef1 v\u00e0 c\u00e1c k\u1ef9 n\u0103ng l\u00e3nh \u0111\u1ea1o t\u1ed1i quan tr\u1ecdng kh\u00e1c trong doanh nghi\u1ec7p.\" \/>\n<meta name=\"robots\" content=\"index, follow, max-snippet:-1, max-image-preview:large, max-video-preview:-1\" \/>\n<link rel=\"canonical\" href=\"https:\/\/iabm.edu.vn\/en\/facilities\/\" \/>\n<meta property=\"og:locale\" content=\"en_US\" \/>\n<meta property=\"og:type\" content=\"article\" \/>\n<meta property=\"og:title\" content=\"Facilities - Institute of Accounting and Business Management (IABM)\" \/>\n<meta property=\"og:description\" content=\"\u0110\u01b0\u1ee3c th\u00e0nh l\u1eadp v\u00e0o n\u0103m 2003, Vi\u1ec7n K\u1ebf to\u00e1n v\u00e0 Qu\u1ea3n tr\u1ecb doanh nghi\u1ec7p (IABM) l\u00e0 m\u1ed9t trong s\u1ed1 \u00edt nh\u1eefng Vi\u1ec7n \u0111\u00e0o t\u1ea1o ti\u00ean phong t\u1ea1i Vi\u1ec7t Nam v\u1ec1 K\u1ebf to\u00e1n, T\u00e0i ch\u00ednh, Qu\u1ea3n tr\u1ecb nh\u00e2n s\u1ef1 v\u00e0 c\u00e1c k\u1ef9 n\u0103ng l\u00e3nh \u0111\u1ea1o t\u1ed1i quan tr\u1ecdng kh\u00e1c trong doanh nghi\u1ec7p.\" \/>\n<meta property=\"og:url\" content=\"https:\/\/iabm.edu.vn\/en\/facilities\/\" \/>\n<meta property=\"og:site_name\" content=\"Institute of Accounting and Business Management (IABM)\" \/>\n<meta property=\"article:modified_time\" content=\"2022-01-20T03:14:46+00:00\" \/>\n<meta name=\"twitter:card\" content=\"summary_large_image\" \/>\n<script type=\"application\/ld+json\" class=\"yoast-schema-graph\">{\"@context\":\"https:\/\/schema.org\",\"@graph\":[{\"@type\":\"WebSite\",\"@id\":\"https:\/\/iabm.edu.vn\/#website\",\"url\":\"https:\/\/iabm.edu.vn\/\",\"name\":\"Institute of Accounting and Business Management (IABM)\",\"description\":\"Institute of Accounting and Business Management (IABM)\",\"potentialAction\":[{\"@type\":\"SearchAction\",\"target\":{\"@type\":\"EntryPoint\",\"urlTemplate\":\"https:\/\/iabm.edu.vn\/?s={search_term_string}\"},\"query-input\":\"required name=search_term_string\"}],\"inLanguage\":\"en-US\"},{\"@type\":\"WebPage\",\"@id\":\"https:\/\/iabm.edu.vn\/en\/facilities\/#webpage\",\"url\":\"https:\/\/iabm.edu.vn\/en\/facilities\/\",\"name\":\"Facilities - Institute of Accounting and Business Management (IABM)\",\"isPartOf\":{\"@id\":\"https:\/\/iabm.edu.vn\/#website\"},\"datePublished\":\"2021-12-13T03:31:58+00:00\",\"dateModified\":\"2022-01-20T03:14:46+00:00\",\"description\":\"\u0110\u01b0\u1ee3c th\u00e0nh l\u1eadp v\u00e0o n\u0103m 2003, Vi\u1ec7n K\u1ebf to\u00e1n v\u00e0 Qu\u1ea3n tr\u1ecb doanh nghi\u1ec7p (IABM) l\u00e0 m\u1ed9t trong s\u1ed1 \u00edt nh\u1eefng Vi\u1ec7n \u0111\u00e0o t\u1ea1o ti\u00ean phong t\u1ea1i Vi\u1ec7t Nam v\u1ec1 K\u1ebf to\u00e1n, T\u00e0i ch\u00ednh, Qu\u1ea3n tr\u1ecb nh\u00e2n s\u1ef1 v\u00e0 c\u00e1c k\u1ef9 n\u0103ng l\u00e3nh \u0111\u1ea1o t\u1ed1i quan tr\u1ecdng kh\u00e1c trong doanh nghi\u1ec7p.\",\"breadcrumb\":{\"@id\":\"https:\/\/iabm.edu.vn\/en\/facilities\/#breadcrumb\"},\"inLanguage\":\"en-US\",\"potentialAction\":[{\"@type\":\"ReadAction\",\"target\":[\"https:\/\/iabm.edu.vn\/en\/facilities\/\"]}]},{\"@type\":\"BreadcrumbList\",\"@id\":\"https:\/\/iabm.edu.vn\/en\/facilities\/#breadcrumb\",\"itemListElement\":[{\"@type\":\"ListItem\",\"position\":1,\"name\":\"Home\",\"item\":\"https:\/\/iabm.edu.vn\/en\/\"},{\"@type\":\"ListItem\",\"position\":2,\"name\":\"Facilities\"}]}]}<\/script>\n<!-- \/ Yoast SEO plugin. -->","yoast_head_json":{"title":"Facilities - Institute of Accounting and Business Management (IABM)","description":"\u0110\u01b0\u1ee3c th\u00e0nh l\u1eadp v\u00e0o n\u0103m 2003, Vi\u1ec7n K\u1ebf to\u00e1n v\u00e0 Qu\u1ea3n tr\u1ecb doanh nghi\u1ec7p (IABM) l\u00e0 m\u1ed9t trong s\u1ed1 \u00edt nh\u1eefng Vi\u1ec7n \u0111\u00e0o t\u1ea1o ti\u00ean phong t\u1ea1i Vi\u1ec7t Nam v\u1ec1 K\u1ebf to\u00e1n, T\u00e0i ch\u00ednh, Qu\u1ea3n tr\u1ecb nh\u00e2n s\u1ef1 v\u00e0 c\u00e1c k\u1ef9 n\u0103ng l\u00e3nh \u0111\u1ea1o t\u1ed1i quan tr\u1ecdng kh\u00e1c trong doanh nghi\u1ec7p.","robots":{"index":"index","follow":"follow","max-snippet":"max-snippet:-1","max-image-preview":"max-image-preview:large","max-video-preview":"max-video-preview:-1"},"canonical":"https:\/\/iabm.edu.vn\/en\/facilities\/","og_locale":"en_US","og_type":"article","og_title":"Facilities - Institute of Accounting and Business Management (IABM)","og_description":"\u0110\u01b0\u1ee3c th\u00e0nh l\u1eadp v\u00e0o n\u0103m 2003, Vi\u1ec7n K\u1ebf to\u00e1n v\u00e0 Qu\u1ea3n tr\u1ecb doanh nghi\u1ec7p (IABM) l\u00e0 m\u1ed9t trong s\u1ed1 \u00edt nh\u1eefng Vi\u1ec7n \u0111\u00e0o t\u1ea1o ti\u00ean phong t\u1ea1i Vi\u1ec7t Nam v\u1ec1 K\u1ebf to\u00e1n, T\u00e0i ch\u00ednh, Qu\u1ea3n tr\u1ecb nh\u00e2n s\u1ef1 v\u00e0 c\u00e1c k\u1ef9 n\u0103ng l\u00e3nh \u0111\u1ea1o t\u1ed1i quan tr\u1ecdng kh\u00e1c trong doanh nghi\u1ec7p.","og_url":"https:\/\/iabm.edu.vn\/en\/facilities\/","og_site_name":"Institute of Accounting and Business Management (IABM)","article_modified_time":"2022-01-20T03:14:46+00:00","twitter_card":"summary_large_image","schema":{"@context":"https:\/\/schema.org","@graph":[{"@type":"WebSite","@id":"https:\/\/iabm.edu.vn\/#website","url":"https:\/\/iabm.edu.vn\/","name":"Institute of Accounting and Business Management (IABM)","description":"Institute of Accounting and Business Management (IABM)","potentialAction":[{"@type":"SearchAction","target":{"@type":"EntryPoint","urlTemplate":"https:\/\/iabm.edu.vn\/?s={search_term_string}"},"query-input":"required name=search_term_string"}],"inLanguage":"en-US"},{"@type":"WebPage","@id":"https:\/\/iabm.edu.vn\/en\/facilities\/#webpage","url":"https:\/\/iabm.edu.vn\/en\/facilities\/","name":"Facilities - Institute of Accounting and Business Management (IABM)","isPartOf":{"@id":"https:\/\/iabm.edu.vn\/#website"},"datePublished":"2021-12-13T03:31:58+00:00","dateModified":"2022-01-20T03:14:46+00:00","description":"\u0110\u01b0\u1ee3c th\u00e0nh l\u1eadp v\u00e0o n\u0103m 2003, Vi\u1ec7n K\u1ebf to\u00e1n v\u00e0 Qu\u1ea3n tr\u1ecb doanh nghi\u1ec7p (IABM) l\u00e0 m\u1ed9t trong s\u1ed1 \u00edt nh\u1eefng Vi\u1ec7n \u0111\u00e0o t\u1ea1o ti\u00ean phong t\u1ea1i Vi\u1ec7t Nam v\u1ec1 K\u1ebf to\u00e1n, T\u00e0i ch\u00ednh, Qu\u1ea3n tr\u1ecb nh\u00e2n s\u1ef1 v\u00e0 c\u00e1c k\u1ef9 n\u0103ng l\u00e3nh \u0111\u1ea1o t\u1ed1i quan tr\u1ecdng kh\u00e1c trong doanh nghi\u1ec7p.","breadcrumb":{"@id":"https:\/\/iabm.edu.vn\/en\/facilities\/#breadcrumb"},"inLanguage":"en-US","potentialAction":[{"@type":"ReadAction","target":["https:\/\/iabm.edu.vn\/en\/facilities\/"]}]},{"@type":"BreadcrumbList","@id":"https:\/\/iabm.edu.vn\/en\/facilities\/#breadcrumb","itemListElement":[{"@type":"ListItem","position":1,"name":"Home","item":"https:\/\/iabm.edu.vn\/en\/"},{"@type":"ListItem","position":2,"name":"Facilities"}]}]}},"_links":{"self":[{"href":"https:\/\/iabm.edu.vn\/en\/wp-json\/wp\/v2\/pages\/1739"}],"collection":[{"href":"https:\/\/iabm.edu.vn\/en\/wp-json\/wp\/v2\/pages"}],"about":[{"href":"https:\/\/iabm.edu.vn\/en\/wp-json\/wp\/v2\/types\/page"}],"author":[{"embeddable":true,"href":"https:\/\/iabm.edu.vn\/en\/wp-json\/wp\/v2\/users\/1"}],"replies":[{"embeddable":true,"href":"https:\/\/iabm.edu.vn\/en\/wp-json\/wp\/v2\/comments?post=1739"}],"version-history":[{"count":7,"href":"https:\/\/iabm.edu.vn\/en\/wp-json\/wp\/v2\/pages\/1739\/revisions"}],"predecessor-version":[{"id":18522,"href":"https:\/\/iabm.edu.vn\/en\/wp-json\/wp\/v2\/pages\/1739\/revisions\/18522"}],"wp:attachment":[{"href":"https:\/\/iabm.edu.vn\/en\/wp-json\/wp\/v2\/media?parent=1739"}],"curies":[{"name":"wp","href":"https:\/\/api.w.org\/{rel}","templated":true}]}}