{"id":1740,"date":"2021-12-13T10:29:52","date_gmt":"2021-12-13T03:29:52","guid":{"rendered":"http:\/\/33811.lamdx.vinawebsite.vn\/doi-tac\/"},"modified":"2022-01-20T10:17:27","modified_gmt":"2022-01-20T03:17:27","slug":"partner","status":"publish","type":"page","link":"https:\/\/iabm.edu.vn\/en\/partner\/","title":{"rendered":"Partner"},"content":{"rendered":"","protected":false},"excerpt":{"rendered":"","protected":false},"author":1,"featured_media":0,"parent":0,"menu_order":0,"comment_status":"closed","ping_status":"closed","template":"page-doi-tac.php","meta":[],"yoast_head":"<!-- This site is optimized with the Yoast SEO plugin v18.1 - https:\/\/yoast.com\/wordpress\/plugins\/seo\/ -->\n<title>Partner - Institute of Accounting and Business Management (IABM)<\/title>\n<meta name=\"description\" content=\"\u0110\u01b0\u1ee3c th\u00e0nh l\u1eadp v\u00e0o n\u0103m 2003, Vi\u1ec7n K\u1ebf to\u00e1n v\u00e0 Qu\u1ea3n tr\u1ecb doanh nghi\u1ec7p (IABM) l\u00e0 m\u1ed9t trong s\u1ed1 \u00edt nh\u1eefng Vi\u1ec7n \u0111\u00e0o t\u1ea1o ti\u00ean phong t\u1ea1i Vi\u1ec7t Nam v\u1ec1 K\u1ebf to\u00e1n, T\u00e0i ch\u00ednh, Qu\u1ea3n tr\u1ecb nh\u00e2n s\u1ef1 v\u00e0 c\u00e1c k\u1ef9 n\u0103ng l\u00e3nh \u0111\u1ea1o t\u1ed1i quan tr\u1ecdng kh\u00e1c trong doanh nghi\u1ec7p.\" \/>\n<meta name=\"robots\" content=\"index, follow, max-snippet:-1, max-image-preview:large, max-video-preview:-1\" \/>\n<link rel=\"canonical\" href=\"https:\/\/iabm.edu.vn\/en\/partner\/\" \/>\n<meta property=\"og:locale\" content=\"en_US\" \/>\n<meta property=\"og:type\" content=\"article\" \/>\n<meta property=\"og:title\" content=\"Partner - Institute of Accounting and Business Management (IABM)\" \/>\n<meta property=\"og:description\" content=\"\u0110\u01b0\u1ee3c th\u00e0nh l\u1eadp v\u00e0o n\u0103m 2003, Vi\u1ec7n K\u1ebf to\u00e1n v\u00e0 Qu\u1ea3n tr\u1ecb doanh nghi\u1ec7p (IABM) l\u00e0 m\u1ed9t trong s\u1ed1 \u00edt nh\u1eefng Vi\u1ec7n \u0111\u00e0o t\u1ea1o ti\u00ean phong t\u1ea1i Vi\u1ec7t Nam v\u1ec1 K\u1ebf to\u00e1n, T\u00e0i ch\u00ednh, Qu\u1ea3n tr\u1ecb nh\u00e2n s\u1ef1 v\u00e0 c\u00e1c k\u1ef9 n\u0103ng l\u00e3nh \u0111\u1ea1o t\u1ed1i quan tr\u1ecdng kh\u00e1c trong doanh nghi\u1ec7p.\" \/>\n<meta property=\"og:url\" content=\"https:\/\/iabm.edu.vn\/en\/partner\/\" \/>\n<meta property=\"og:site_name\" content=\"Institute of Accounting and Business Management (IABM)\" \/>\n<meta property=\"article:modified_time\" content=\"2022-01-20T03:17:27+00:00\" \/>\n<meta name=\"twitter:card\" content=\"summary_large_image\" \/>\n<script type=\"application\/ld+json\" class=\"yoast-schema-graph\">{\"@context\":\"https:\/\/schema.org\",\"@graph\":[{\"@type\":\"WebSite\",\"@id\":\"https:\/\/iabm.edu.vn\/#website\",\"url\":\"https:\/\/iabm.edu.vn\/\",\"name\":\"Institute of Accounting and Business Management (IABM)\",\"description\":\"Institute of Accounting and Business Management (IABM)\",\"potentialAction\":[{\"@type\":\"SearchAction\",\"target\":{\"@type\":\"EntryPoint\",\"urlTemplate\":\"https:\/\/iabm.edu.vn\/?s={search_term_string}\"},\"query-input\":\"required name=search_term_string\"}],\"inLanguage\":\"en-US\"},{\"@type\":\"WebPage\",\"@id\":\"https:\/\/iabm.edu.vn\/en\/partner\/#webpage\",\"url\":\"https:\/\/iabm.edu.vn\/en\/partner\/\",\"name\":\"Partner - Institute of Accounting and Business Management (IABM)\",\"isPartOf\":{\"@id\":\"https:\/\/iabm.edu.vn\/#website\"},\"datePublished\":\"2021-12-13T03:29:52+00:00\",\"dateModified\":\"2022-01-20T03:17:27+00:00\",\"description\":\"\u0110\u01b0\u1ee3c th\u00e0nh l\u1eadp v\u00e0o n\u0103m 2003, Vi\u1ec7n K\u1ebf to\u00e1n v\u00e0 Qu\u1ea3n tr\u1ecb doanh nghi\u1ec7p (IABM) l\u00e0 m\u1ed9t trong s\u1ed1 \u00edt nh\u1eefng Vi\u1ec7n \u0111\u00e0o t\u1ea1o ti\u00ean phong t\u1ea1i Vi\u1ec7t Nam v\u1ec1 K\u1ebf to\u00e1n, T\u00e0i ch\u00ednh, Qu\u1ea3n tr\u1ecb nh\u00e2n s\u1ef1 v\u00e0 c\u00e1c k\u1ef9 n\u0103ng l\u00e3nh \u0111\u1ea1o t\u1ed1i quan tr\u1ecdng kh\u00e1c trong doanh nghi\u1ec7p.\",\"breadcrumb\":{\"@id\":\"https:\/\/iabm.edu.vn\/en\/partner\/#breadcrumb\"},\"inLanguage\":\"en-US\",\"potentialAction\":[{\"@type\":\"ReadAction\",\"target\":[\"https:\/\/iabm.edu.vn\/en\/partner\/\"]}]},{\"@type\":\"BreadcrumbList\",\"@id\":\"https:\/\/iabm.edu.vn\/en\/partner\/#breadcrumb\",\"itemListElement\":[{\"@type\":\"ListItem\",\"position\":1,\"name\":\"Home\",\"item\":\"https:\/\/iabm.edu.vn\/en\/\"},{\"@type\":\"ListItem\",\"position\":2,\"name\":\"Partner\"}]}]}<\/script>\n<!-- \/ Yoast SEO plugin. -->","yoast_head_json":{"title":"Partner - Institute of Accounting and Business Management (IABM)","description":"\u0110\u01b0\u1ee3c th\u00e0nh l\u1eadp v\u00e0o n\u0103m 2003, Vi\u1ec7n K\u1ebf to\u00e1n v\u00e0 Qu\u1ea3n tr\u1ecb doanh nghi\u1ec7p (IABM) l\u00e0 m\u1ed9t trong s\u1ed1 \u00edt nh\u1eefng Vi\u1ec7n \u0111\u00e0o t\u1ea1o ti\u00ean phong t\u1ea1i Vi\u1ec7t Nam v\u1ec1 K\u1ebf to\u00e1n, T\u00e0i ch\u00ednh, Qu\u1ea3n tr\u1ecb nh\u00e2n s\u1ef1 v\u00e0 c\u00e1c k\u1ef9 n\u0103ng l\u00e3nh \u0111\u1ea1o t\u1ed1i quan tr\u1ecdng kh\u00e1c trong doanh nghi\u1ec7p.","robots":{"index":"index","follow":"follow","max-snippet":"max-snippet:-1","max-image-preview":"max-image-preview:large","max-video-preview":"max-video-preview:-1"},"canonical":"https:\/\/iabm.edu.vn\/en\/partner\/","og_locale":"en_US","og_type":"article","og_title":"Partner - Institute of Accounting and Business Management (IABM)","og_description":"\u0110\u01b0\u1ee3c th\u00e0nh l\u1eadp v\u00e0o n\u0103m 2003, Vi\u1ec7n K\u1ebf to\u00e1n v\u00e0 Qu\u1ea3n tr\u1ecb doanh nghi\u1ec7p (IABM) l\u00e0 m\u1ed9t trong s\u1ed1 \u00edt nh\u1eefng Vi\u1ec7n \u0111\u00e0o t\u1ea1o ti\u00ean phong t\u1ea1i Vi\u1ec7t Nam v\u1ec1 K\u1ebf to\u00e1n, T\u00e0i ch\u00ednh, Qu\u1ea3n tr\u1ecb nh\u00e2n s\u1ef1 v\u00e0 c\u00e1c k\u1ef9 n\u0103ng l\u00e3nh \u0111\u1ea1o t\u1ed1i quan tr\u1ecdng kh\u00e1c trong doanh nghi\u1ec7p.","og_url":"https:\/\/iabm.edu.vn\/en\/partner\/","og_site_name":"Institute of Accounting and Business Management (IABM)","article_modified_time":"2022-01-20T03:17:27+00:00","twitter_card":"summary_large_image","schema":{"@context":"https:\/\/schema.org","@graph":[{"@type":"WebSite","@id":"https:\/\/iabm.edu.vn\/#website","url":"https:\/\/iabm.edu.vn\/","name":"Institute of Accounting and Business Management (IABM)","description":"Institute of Accounting and Business Management (IABM)","potentialAction":[{"@type":"SearchAction","target":{"@type":"EntryPoint","urlTemplate":"https:\/\/iabm.edu.vn\/?s={search_term_string}"},"query-input":"required name=search_term_string"}],"inLanguage":"en-US"},{"@type":"WebPage","@id":"https:\/\/iabm.edu.vn\/en\/partner\/#webpage","url":"https:\/\/iabm.edu.vn\/en\/partner\/","name":"Partner - Institute of Accounting and Business Management (IABM)","isPartOf":{"@id":"https:\/\/iabm.edu.vn\/#website"},"datePublished":"2021-12-13T03:29:52+00:00","dateModified":"2022-01-20T03:17:27+00:00","description":"\u0110\u01b0\u1ee3c th\u00e0nh l\u1eadp v\u00e0o n\u0103m 2003, Vi\u1ec7n K\u1ebf to\u00e1n v\u00e0 Qu\u1ea3n tr\u1ecb doanh nghi\u1ec7p (IABM) l\u00e0 m\u1ed9t trong s\u1ed1 \u00edt nh\u1eefng Vi\u1ec7n \u0111\u00e0o t\u1ea1o ti\u00ean phong t\u1ea1i Vi\u1ec7t Nam v\u1ec1 K\u1ebf to\u00e1n, T\u00e0i ch\u00ednh, Qu\u1ea3n tr\u1ecb nh\u00e2n s\u1ef1 v\u00e0 c\u00e1c k\u1ef9 n\u0103ng l\u00e3nh \u0111\u1ea1o t\u1ed1i quan tr\u1ecdng kh\u00e1c trong doanh nghi\u1ec7p.","breadcrumb":{"@id":"https:\/\/iabm.edu.vn\/en\/partner\/#breadcrumb"},"inLanguage":"en-US","potentialAction":[{"@type":"ReadAction","target":["https:\/\/iabm.edu.vn\/en\/partner\/"]}]},{"@type":"BreadcrumbList","@id":"https:\/\/iabm.edu.vn\/en\/partner\/#breadcrumb","itemListElement":[{"@type":"ListItem","position":1,"name":"Home","item":"https:\/\/iabm.edu.vn\/en\/"},{"@type":"ListItem","position":2,"name":"Partner"}]}]}},"_links":{"self":[{"href":"https:\/\/iabm.edu.vn\/en\/wp-json\/wp\/v2\/pages\/1740"}],"collection":[{"href":"https:\/\/iabm.edu.vn\/en\/wp-json\/wp\/v2\/pages"}],"about":[{"href":"https:\/\/iabm.edu.vn\/en\/wp-json\/wp\/v2\/types\/page"}],"author":[{"embeddable":true,"href":"https:\/\/iabm.edu.vn\/en\/wp-json\/wp\/v2\/users\/1"}],"replies":[{"embeddable":true,"href":"https:\/\/iabm.edu.vn\/en\/wp-json\/wp\/v2\/comments?post=1740"}],"version-history":[{"count":3,"href":"https:\/\/iabm.edu.vn\/en\/wp-json\/wp\/v2\/pages\/1740\/revisions"}],"predecessor-version":[{"id":18457,"href":"https:\/\/iabm.edu.vn\/en\/wp-json\/wp\/v2\/pages\/1740\/revisions\/18457"}],"wp:attachment":[{"href":"https:\/\/iabm.edu.vn\/en\/wp-json\/wp\/v2\/media?parent=1740"}],"curies":[{"name":"wp","href":"https:\/\/api.w.org\/{rel}","templated":true}]}}