{"id":1741,"date":"2021-12-13T10:23:29","date_gmt":"2021-12-13T03:23:29","guid":{"rendered":"http:\/\/33811.lamdx.vinawebsite.vn\/gioi-thieu\/"},"modified":"2022-08-05T09:01:27","modified_gmt":"2022-08-05T02:01:27","slug":"about-us","status":"publish","type":"page","link":"https:\/\/iabm.edu.vn\/en\/about-us\/","title":{"rendered":"About us"},"content":{"rendered":"<h2>IABM \u2013 Roadmap for talented leaders<\/h2>\n<p>Established in 2003, the Institute of Accounting and Business Management (IABM) is one of the few pioneering training institutes in Vietnam in Accounting, Finance, Human Resource Management, and essential leadership skills in business. With its training content and learning pathway built in a methodical, professional, and enthusiastic manner by a team of leading experts and lecturers in Economics, Finance, Human Resource Management, and other relevant fields, IABM has trained tens of thousands of trainees of different levels such as students, professionals at businesses, and managers &amp; leaders from mid to senior levels in many organizations. Each student who comes to IABM has different goals and expectations, but they all have one important thing in common: the desire to enhance their business acumen as they set foot on their career path after completing the course.<\/p>\n<p>IABM prides itself on the spirit of constant innovation and creativity, applying technology to teaching and constantly searching for new methods of communication so that each lecture is of premium quality, applicable, and of lasting value to all students.<\/p>\n<h2><strong>IABM and Impressive numbers<\/strong><\/h2>\n<p>&nbsp;<\/p>\n<div class=\"row\"  id=\"row-1600185608\">\n\n\t<div id=\"col-1165826842\" class=\"col medium-4 small-12 large-4\"  >\n\t\t\t\t<div class=\"col-inner\"  >\n\t\t\t\n\t\t\t\n<p style=\"text-align: center;\"><span style=\"font-size: 40pt;\"><strong>&gt;200.000<br \/>\n<\/strong><\/span><strong>graduated trainees<\/strong><\/p>\n\t\t<\/div>\n\t\t\t\t\t<\/div>\n\n\t\n\n\t<div id=\"col-1691677636\" class=\"col medium-4 small-12 large-4\"  >\n\t\t\t\t<div class=\"col-inner\"  >\n\t\t\t\n\t\t\t\n<p style=\"text-align: center;\"><strong><span style=\"font-size: 40pt;\">&gt;50.000<br \/>\n<\/span>trainees at the level of professional management<br \/>\n<\/strong><\/p>\n\t\t<\/div>\n\t\t\t\t\t<\/div>\n\n\t\n\n\t<div id=\"col-1730350009\" class=\"col medium-4 small-12 large-4\"  >\n\t\t\t\t<div class=\"col-inner\"  >\n\t\t\t\n\t\t\t\n<p style=\"text-align: center;\"><strong><span style=\"font-size: 40pt;\">&gt;40<br \/>\n<\/span>C-levels and short-term courses<br \/>\n<\/strong><\/p>\n\t\t<\/div>\n\t\t\t\t\t<\/div>\n\n\t\n\n\t<div id=\"col-404702578\" class=\"col medium-4 small-12 large-4\"  >\n\t\t\t\t<div class=\"col-inner\"  >\n\t\t\t\n\t\t\t\n<p style=\"text-align: center;\"><strong><span style=\"font-size: 40pt;\">&gt;40<br \/>\n<\/span>Vietnamese and foreign trainers<br \/>\n<\/strong><\/p>\n\t\t<\/div>\n\t\t\t\t\t<\/div>\n\n\t\n\n\t<div id=\"col-2055759810\" class=\"col medium-4 small-12 large-4\"  >\n\t\t\t\t<div class=\"col-inner\"  >\n\t\t\t\n\t\t\t\n<p style=\"text-align: center;\"><strong><span style=\"font-size: 40pt;\">&gt;200<br \/>\n<\/span>businesses are partner units<br \/>\nor customers<br \/>\n<\/strong><\/p>\n\t\t<\/div>\n\t\t\t\t\t<\/div>\n\n\t\n\n\t<div id=\"col-758646836\" class=\"col medium-4 small-12 large-4\"  >\n\t\t\t\t<div class=\"col-inner\"  >\n\t\t\t\n\t\t\t\n<p style=\"text-align: center;\"><strong><span style=\"font-size: 40pt;\">&gt;100<br \/>\n<\/span>famous advisors from<br \/>\nleading enterprises in Vietnam<br \/>\n<\/strong><\/p>\n\t\t<\/div>\n\t\t\t\t\t<\/div>\n\n\t\n<\/div>\n","protected":false},"excerpt":{"rendered":"<p>IABM \u2013 Roadmap for talented leaders Established in 2003, the Institute of Accounting and Business Management (IABM) is one of the few pioneering training institutes in Vietnam in Accounting, Finance, Human Resource Management, and essential leadership skills in business. With its training content and learning pathway built in a methodical, professional, and enthusiastic manner by a team of leading experts and lecturers in Economics, Finance, Human Resource Management, and other relevant fields, IABM has trained tens of thousands of trainees of different levels such as students, professionals at businesses, and managers &amp; leaders from mid to senior levels in many&#8230;<\/p>\n","protected":false},"author":1,"featured_media":0,"parent":0,"menu_order":0,"comment_status":"closed","ping_status":"closed","template":"page-gioi-thieu.php","meta":[],"yoast_head":"<!-- This site is optimized with the Yoast SEO plugin v18.1 - https:\/\/yoast.com\/wordpress\/plugins\/seo\/ -->\n<title>About us - Institute of Accounting and Business Management (IABM)<\/title>\n<meta name=\"description\" content=\"\u0110\u01b0\u1ee3c th\u00e0nh l\u1eadp v\u00e0o n\u0103m 2003, Vi\u1ec7n K\u1ebf to\u00e1n v\u00e0 Qu\u1ea3n tr\u1ecb doanh nghi\u1ec7p (IABM) l\u00e0 m\u1ed9t trong s\u1ed1 \u00edt nh\u1eefng Vi\u1ec7n \u0111\u00e0o t\u1ea1o ti\u00ean phong t\u1ea1i Vi\u1ec7t Nam v\u1ec1 K\u1ebf to\u00e1n, T\u00e0i ch\u00ednh, Qu\u1ea3n tr\u1ecb nh\u00e2n s\u1ef1 v\u00e0 c\u00e1c k\u1ef9 n\u0103ng l\u00e3nh \u0111\u1ea1o t\u1ed1i quan tr\u1ecdng kh\u00e1c trong doanh nghi\u1ec7p.\" \/>\n<meta name=\"robots\" content=\"index, follow, max-snippet:-1, max-image-preview:large, max-video-preview:-1\" \/>\n<link rel=\"canonical\" href=\"https:\/\/iabm.edu.vn\/en\/about-us\/\" \/>\n<meta property=\"og:locale\" content=\"en_US\" \/>\n<meta property=\"og:type\" content=\"article\" \/>\n<meta property=\"og:title\" content=\"About us - Institute of Accounting and Business Management (IABM)\" \/>\n<meta property=\"og:description\" content=\"\u0110\u01b0\u1ee3c th\u00e0nh l\u1eadp v\u00e0o n\u0103m 2003, Vi\u1ec7n K\u1ebf to\u00e1n v\u00e0 Qu\u1ea3n tr\u1ecb doanh nghi\u1ec7p (IABM) l\u00e0 m\u1ed9t trong s\u1ed1 \u00edt nh\u1eefng Vi\u1ec7n \u0111\u00e0o t\u1ea1o ti\u00ean phong t\u1ea1i Vi\u1ec7t Nam v\u1ec1 K\u1ebf to\u00e1n, T\u00e0i ch\u00ednh, Qu\u1ea3n tr\u1ecb nh\u00e2n s\u1ef1 v\u00e0 c\u00e1c k\u1ef9 n\u0103ng l\u00e3nh \u0111\u1ea1o t\u1ed1i quan tr\u1ecdng kh\u00e1c trong doanh nghi\u1ec7p.\" \/>\n<meta property=\"og:url\" content=\"https:\/\/iabm.edu.vn\/en\/about-us\/\" \/>\n<meta property=\"og:site_name\" content=\"Institute of Accounting and Business Management (IABM)\" \/>\n<meta property=\"article:modified_time\" content=\"2022-08-05T02:01:27+00:00\" \/>\n<meta name=\"twitter:card\" content=\"summary_large_image\" \/>\n<meta name=\"twitter:label1\" content=\"Est. reading time\" \/>\n\t<meta name=\"twitter:data1\" content=\"2 minutes\" \/>\n<script type=\"application\/ld+json\" class=\"yoast-schema-graph\">{\"@context\":\"https:\/\/schema.org\",\"@graph\":[{\"@type\":\"WebSite\",\"@id\":\"https:\/\/iabm.edu.vn\/#website\",\"url\":\"https:\/\/iabm.edu.vn\/\",\"name\":\"Institute of Accounting and Business Management (IABM)\",\"description\":\"Institute of Accounting and Business Management (IABM)\",\"potentialAction\":[{\"@type\":\"SearchAction\",\"target\":{\"@type\":\"EntryPoint\",\"urlTemplate\":\"https:\/\/iabm.edu.vn\/?s={search_term_string}\"},\"query-input\":\"required name=search_term_string\"}],\"inLanguage\":\"en-US\"},{\"@type\":\"WebPage\",\"@id\":\"https:\/\/iabm.edu.vn\/en\/about-us\/#webpage\",\"url\":\"https:\/\/iabm.edu.vn\/en\/about-us\/\",\"name\":\"About us - Institute of Accounting and Business Management (IABM)\",\"isPartOf\":{\"@id\":\"https:\/\/iabm.edu.vn\/#website\"},\"datePublished\":\"2021-12-13T03:23:29+00:00\",\"dateModified\":\"2022-08-05T02:01:27+00:00\",\"description\":\"\u0110\u01b0\u1ee3c th\u00e0nh l\u1eadp v\u00e0o n\u0103m 2003, Vi\u1ec7n K\u1ebf to\u00e1n v\u00e0 Qu\u1ea3n tr\u1ecb doanh nghi\u1ec7p (IABM) l\u00e0 m\u1ed9t trong s\u1ed1 \u00edt nh\u1eefng Vi\u1ec7n \u0111\u00e0o t\u1ea1o ti\u00ean phong t\u1ea1i Vi\u1ec7t Nam v\u1ec1 K\u1ebf to\u00e1n, T\u00e0i ch\u00ednh, Qu\u1ea3n tr\u1ecb nh\u00e2n s\u1ef1 v\u00e0 c\u00e1c k\u1ef9 n\u0103ng l\u00e3nh \u0111\u1ea1o t\u1ed1i quan tr\u1ecdng kh\u00e1c trong doanh nghi\u1ec7p.\",\"breadcrumb\":{\"@id\":\"https:\/\/iabm.edu.vn\/en\/about-us\/#breadcrumb\"},\"inLanguage\":\"en-US\",\"potentialAction\":[{\"@type\":\"ReadAction\",\"target\":[\"https:\/\/iabm.edu.vn\/en\/about-us\/\"]}]},{\"@type\":\"BreadcrumbList\",\"@id\":\"https:\/\/iabm.edu.vn\/en\/about-us\/#breadcrumb\",\"itemListElement\":[{\"@type\":\"ListItem\",\"position\":1,\"name\":\"Home\",\"item\":\"https:\/\/iabm.edu.vn\/en\/\"},{\"@type\":\"ListItem\",\"position\":2,\"name\":\"About us\"}]}]}<\/script>\n<!-- \/ Yoast SEO plugin. -->","yoast_head_json":{"title":"About us - Institute of Accounting and Business Management (IABM)","description":"\u0110\u01b0\u1ee3c th\u00e0nh l\u1eadp v\u00e0o n\u0103m 2003, Vi\u1ec7n K\u1ebf to\u00e1n v\u00e0 Qu\u1ea3n tr\u1ecb doanh nghi\u1ec7p (IABM) l\u00e0 m\u1ed9t trong s\u1ed1 \u00edt nh\u1eefng Vi\u1ec7n \u0111\u00e0o t\u1ea1o ti\u00ean phong t\u1ea1i Vi\u1ec7t Nam v\u1ec1 K\u1ebf to\u00e1n, T\u00e0i ch\u00ednh, Qu\u1ea3n tr\u1ecb nh\u00e2n s\u1ef1 v\u00e0 c\u00e1c k\u1ef9 n\u0103ng l\u00e3nh \u0111\u1ea1o t\u1ed1i quan tr\u1ecdng kh\u00e1c trong doanh nghi\u1ec7p.","robots":{"index":"index","follow":"follow","max-snippet":"max-snippet:-1","max-image-preview":"max-image-preview:large","max-video-preview":"max-video-preview:-1"},"canonical":"https:\/\/iabm.edu.vn\/en\/about-us\/","og_locale":"en_US","og_type":"article","og_title":"About us - Institute of Accounting and Business Management (IABM)","og_description":"\u0110\u01b0\u1ee3c th\u00e0nh l\u1eadp v\u00e0o n\u0103m 2003, Vi\u1ec7n K\u1ebf to\u00e1n v\u00e0 Qu\u1ea3n tr\u1ecb doanh nghi\u1ec7p (IABM) l\u00e0 m\u1ed9t trong s\u1ed1 \u00edt nh\u1eefng Vi\u1ec7n \u0111\u00e0o t\u1ea1o ti\u00ean phong t\u1ea1i Vi\u1ec7t Nam v\u1ec1 K\u1ebf to\u00e1n, T\u00e0i ch\u00ednh, Qu\u1ea3n tr\u1ecb nh\u00e2n s\u1ef1 v\u00e0 c\u00e1c k\u1ef9 n\u0103ng l\u00e3nh \u0111\u1ea1o t\u1ed1i quan tr\u1ecdng kh\u00e1c trong doanh nghi\u1ec7p.","og_url":"https:\/\/iabm.edu.vn\/en\/about-us\/","og_site_name":"Institute of Accounting and Business Management (IABM)","article_modified_time":"2022-08-05T02:01:27+00:00","twitter_card":"summary_large_image","twitter_misc":{"Est. reading time":"2 minutes"},"schema":{"@context":"https:\/\/schema.org","@graph":[{"@type":"WebSite","@id":"https:\/\/iabm.edu.vn\/#website","url":"https:\/\/iabm.edu.vn\/","name":"Institute of Accounting and Business Management (IABM)","description":"Institute of Accounting and Business Management (IABM)","potentialAction":[{"@type":"SearchAction","target":{"@type":"EntryPoint","urlTemplate":"https:\/\/iabm.edu.vn\/?s={search_term_string}"},"query-input":"required name=search_term_string"}],"inLanguage":"en-US"},{"@type":"WebPage","@id":"https:\/\/iabm.edu.vn\/en\/about-us\/#webpage","url":"https:\/\/iabm.edu.vn\/en\/about-us\/","name":"About us - Institute of Accounting and Business Management (IABM)","isPartOf":{"@id":"https:\/\/iabm.edu.vn\/#website"},"datePublished":"2021-12-13T03:23:29+00:00","dateModified":"2022-08-05T02:01:27+00:00","description":"\u0110\u01b0\u1ee3c th\u00e0nh l\u1eadp v\u00e0o n\u0103m 2003, Vi\u1ec7n K\u1ebf to\u00e1n v\u00e0 Qu\u1ea3n tr\u1ecb doanh nghi\u1ec7p (IABM) l\u00e0 m\u1ed9t trong s\u1ed1 \u00edt nh\u1eefng Vi\u1ec7n \u0111\u00e0o t\u1ea1o ti\u00ean phong t\u1ea1i Vi\u1ec7t Nam v\u1ec1 K\u1ebf to\u00e1n, T\u00e0i ch\u00ednh, Qu\u1ea3n tr\u1ecb nh\u00e2n s\u1ef1 v\u00e0 c\u00e1c k\u1ef9 n\u0103ng l\u00e3nh \u0111\u1ea1o t\u1ed1i quan tr\u1ecdng kh\u00e1c trong doanh nghi\u1ec7p.","breadcrumb":{"@id":"https:\/\/iabm.edu.vn\/en\/about-us\/#breadcrumb"},"inLanguage":"en-US","potentialAction":[{"@type":"ReadAction","target":["https:\/\/iabm.edu.vn\/en\/about-us\/"]}]},{"@type":"BreadcrumbList","@id":"https:\/\/iabm.edu.vn\/en\/about-us\/#breadcrumb","itemListElement":[{"@type":"ListItem","position":1,"name":"Home","item":"https:\/\/iabm.edu.vn\/en\/"},{"@type":"ListItem","position":2,"name":"About us"}]}]}},"_links":{"self":[{"href":"https:\/\/iabm.edu.vn\/en\/wp-json\/wp\/v2\/pages\/1741"}],"collection":[{"href":"https:\/\/iabm.edu.vn\/en\/wp-json\/wp\/v2\/pages"}],"about":[{"href":"https:\/\/iabm.edu.vn\/en\/wp-json\/wp\/v2\/types\/page"}],"author":[{"embeddable":true,"href":"https:\/\/iabm.edu.vn\/en\/wp-json\/wp\/v2\/users\/1"}],"replies":[{"embeddable":true,"href":"https:\/\/iabm.edu.vn\/en\/wp-json\/wp\/v2\/comments?post=1741"}],"version-history":[{"count":16,"href":"https:\/\/iabm.edu.vn\/en\/wp-json\/wp\/v2\/pages\/1741\/revisions"}],"predecessor-version":[{"id":22965,"href":"https:\/\/iabm.edu.vn\/en\/wp-json\/wp\/v2\/pages\/1741\/revisions\/22965"}],"wp:attachment":[{"href":"https:\/\/iabm.edu.vn\/en\/wp-json\/wp\/v2\/media?parent=1741"}],"curies":[{"name":"wp","href":"https:\/\/api.w.org\/{rel}","templated":true}]}}