{"id":1742,"date":"2021-12-13T10:18:22","date_gmt":"2021-12-13T03:18:22","guid":{"rendered":"http:\/\/33811.lamdx.vinawebsite.vn\/lien-he\/"},"modified":"2022-01-20T10:25:42","modified_gmt":"2022-01-20T03:25:42","slug":"contact-us","status":"publish","type":"page","link":"https:\/\/iabm.edu.vn\/en\/contact-us\/","title":{"rendered":"Contact us"},"content":{"rendered":"<div class=\"row row_pcontact\"  id=\"row-1265865364\">\n\n\t<div id=\"col-1208255521\" class=\"col col_title small-12 large-12\"  >\n\t\t\t\t<div class=\"col-inner\"  >\n\t\t\t\n\t\t\t\n<div class=\"container section-title-container mb_25\" ><h3 class=\"section-title section-title-normal\"><b><\/b><span class=\"section-title-main\" >Contact us<\/span><b><\/b><\/h3><\/div>\n\t<div id=\"text-941256784\" class=\"text\">\n\t\t\n\t\t\n<style>\n#text-941256784 {\n  text-align: left;\n}\n<\/style>\n\t<\/div>\n\t\n\t<div id=\"gap-1513261195\" class=\"gap-element clearfix\" style=\"display:block; height:auto;\">\n\t\t\n<style>\n#gap-1513261195 {\n  padding-top: 20px;\n}\n<\/style>\n\t<\/div>\n\t\n\t\t\t<div class=\"contact_info\">\r\n\t\t\t\t<ul>\r\n\t\t\t\t\t<li><b>Address:<\/b> 240 Tran Binh Trong, Ward 4, District 5, Ho Chi Minh City<\/li>\r\n\t\t\t\t\t<li><b>Phone:<\/b> <a href=\"tel:(028) 710 649 72\">(028) 710 649 72<\/a><\/li>\r\n\t\t\t\t\t<li><b>Hotline:<\/b> <a href=\"tel:0915 484 049\">0915 484 049<\/a> <a href=\"tel:\"><\/a><\/li>\r\n\t\t\t\t\t<li><b>Email:<\/b> <a href=\"mailto:info@iabm.edu.vn\">info@iabm.edu.vn<\/a><\/li>\r\n\t\t\t\t<\/ul>\r\n\t\t\t<\/div>\r\n\t\t\n\t\t<\/div>\n\t\t\t\t\t<\/div>\n\n\t\n\n\t<div id=\"col-482379671\" class=\"col col_frm pb-0 small-12 large-12\"  >\n\t\t\t\t<div class=\"col-inner\"  >\n\t\t\t\n\t\t\t\n\t<div id=\"text-2383782957\" class=\"text\">\n\t\t\n<p>*Required fields<\/p>\n\t\t\n<style>\n#text-2383782957 {\n  text-align: left;\n}\n<\/style>\n\t<\/div>\n\t\n<div role=\"form\" class=\"wpcf7\" id=\"wpcf7-f1723-o1\" lang=\"vi\" dir=\"ltr\">\n<div class=\"screen-reader-response\"><p role=\"status\" aria-live=\"polite\" aria-atomic=\"true\"><\/p> <ul><\/ul><\/div>\n<form action=\"\/en\/wp-json\/wp\/v2\/pages\/1742#wpcf7-f1723-o1\" method=\"post\" class=\"wpcf7-form init\" novalidate=\"novalidate\" data-status=\"init\">\n<div style=\"display: none;\">\n<input type=\"hidden\" name=\"_wpcf7\" value=\"1723\" \/>\n<input type=\"hidden\" name=\"_wpcf7_version\" value=\"5.5.4\" \/>\n<input type=\"hidden\" name=\"_wpcf7_locale\" value=\"vi\" \/>\n<input type=\"hidden\" name=\"_wpcf7_unit_tag\" value=\"wpcf7-f1723-o1\" \/>\n<input type=\"hidden\" name=\"_wpcf7_container_post\" value=\"0\" \/>\n<input type=\"hidden\" name=\"_wpcf7_posted_data_hash\" value=\"\" \/>\n<\/div>\n<div class=\"row row-small\">\n<div class=\"col large-4 pb-0\">\n<div class=\"col-inner\">\n\t\t\t<span class=\"wpcf7-form-control-wrap your-name\"><input type=\"text\" name=\"your-name\" value=\"\" size=\"40\" class=\"wpcf7-form-control wpcf7-text wpcf7-validates-as-required\" aria-required=\"true\" aria-invalid=\"false\" placeholder=\"Fullname *\" \/><\/span>\n\t\t<\/div>\n<\/div>\n<div class=\"col large-4 pb-0\">\n<div class=\"col-inner\">\n\t\t\t<span class=\"wpcf7-form-control-wrap your-phone\"><input type=\"tel\" name=\"your-phone\" value=\"\" size=\"40\" class=\"wpcf7-form-control wpcf7-text wpcf7-tel wpcf7-validates-as-required wpcf7-validates-as-tel\" aria-required=\"true\" aria-invalid=\"false\" placeholder=\"Phone *\" \/><\/span>\n\t\t<\/div>\n<\/div>\n<div class=\"col large-4 pb-0\">\n<div class=\"col-inner\">\n\t\t\t<span class=\"wpcf7-form-control-wrap your-email\"><input type=\"email\" name=\"your-email\" value=\"\" size=\"40\" class=\"wpcf7-form-control wpcf7-text wpcf7-email wpcf7-validates-as-email\" aria-invalid=\"false\" placeholder=\"Email\" \/><\/span>\n\t\t<\/div>\n<\/div>\n<div class=\"col pb-0\">\n<div class=\"col-inner\">\n\t\t\t<span class=\"wpcf7-form-control-wrap your-message\"><textarea name=\"your-message\" cols=\"40\" rows=\"10\" class=\"wpcf7-form-control wpcf7-textarea wpcf7-validates-as-required\" aria-required=\"true\" aria-invalid=\"false\" placeholder=\"Contact content *\"><\/textarea><\/span>\n\t\t<\/div>\n<p><div id=\"cf7sr-69d649f421eb1\" class=\"cf7sr-g-recaptcha\" data-sitekey=\"6LfU8G8eAAAAADfFA5s_EaC4_dnjnbex3IjQARC5\"><\/div><span class=\"wpcf7-form-control-wrap cf7sr-recaptcha\"><input type=\"hidden\" name=\"cf7sr-recaptcha\" value=\"\" class=\"wpcf7-form-control\"><\/span>\n\t<\/p><\/div>\n<div class=\"col pb-0\">\n<div class=\"col-inner text-center\">\n\t\t\t<input type=\"submit\" value=\"Send information\" class=\"wpcf7-form-control has-spinner wpcf7-submit\" \/>\n\t\t<\/div>\n<\/div>\n<\/div>\n<div class=\"wpcf7-response-output\" aria-hidden=\"true\"><\/div><\/form><\/div>\n\t\t<\/div>\n\t\t\t\t\t<\/div>\n\n\t\n<\/div>\n","protected":false},"excerpt":{"rendered":"","protected":false},"author":1,"featured_media":0,"parent":0,"menu_order":0,"comment_status":"closed","ping_status":"closed","template":"page-lien-he.php","meta":[],"yoast_head":"<!-- This site is optimized with the Yoast SEO plugin v18.1 - https:\/\/yoast.com\/wordpress\/plugins\/seo\/ -->\n<title>Contact us - Institute of Accounting and Business Management (IABM)<\/title>\n<meta name=\"description\" content=\"\u0110\u01b0\u1ee3c th\u00e0nh l\u1eadp v\u00e0o n\u0103m 2003, Vi\u1ec7n K\u1ebf to\u00e1n v\u00e0 Qu\u1ea3n tr\u1ecb doanh nghi\u1ec7p (IABM) l\u00e0 m\u1ed9t trong s\u1ed1 \u00edt nh\u1eefng Vi\u1ec7n \u0111\u00e0o t\u1ea1o ti\u00ean phong t\u1ea1i Vi\u1ec7t Nam v\u1ec1 K\u1ebf to\u00e1n, T\u00e0i ch\u00ednh, Qu\u1ea3n tr\u1ecb nh\u00e2n s\u1ef1 v\u00e0 c\u00e1c k\u1ef9 n\u0103ng l\u00e3nh \u0111\u1ea1o t\u1ed1i quan tr\u1ecdng kh\u00e1c trong doanh nghi\u1ec7p.\" \/>\n<meta name=\"robots\" content=\"index, follow, max-snippet:-1, max-image-preview:large, max-video-preview:-1\" \/>\n<link rel=\"canonical\" href=\"https:\/\/iabm.edu.vn\/en\/contact-us\/\" \/>\n<meta property=\"og:locale\" content=\"en_US\" \/>\n<meta property=\"og:type\" content=\"article\" \/>\n<meta property=\"og:title\" content=\"Contact us - Institute of Accounting and Business Management (IABM)\" \/>\n<meta property=\"og:description\" content=\"\u0110\u01b0\u1ee3c th\u00e0nh l\u1eadp v\u00e0o n\u0103m 2003, Vi\u1ec7n K\u1ebf to\u00e1n v\u00e0 Qu\u1ea3n tr\u1ecb doanh nghi\u1ec7p (IABM) l\u00e0 m\u1ed9t trong s\u1ed1 \u00edt nh\u1eefng Vi\u1ec7n \u0111\u00e0o t\u1ea1o ti\u00ean phong t\u1ea1i Vi\u1ec7t Nam v\u1ec1 K\u1ebf to\u00e1n, T\u00e0i ch\u00ednh, Qu\u1ea3n tr\u1ecb nh\u00e2n s\u1ef1 v\u00e0 c\u00e1c k\u1ef9 n\u0103ng l\u00e3nh \u0111\u1ea1o t\u1ed1i quan tr\u1ecdng kh\u00e1c trong doanh nghi\u1ec7p.\" \/>\n<meta property=\"og:url\" content=\"https:\/\/iabm.edu.vn\/en\/contact-us\/\" \/>\n<meta property=\"og:site_name\" content=\"Institute of Accounting and Business Management (IABM)\" \/>\n<meta property=\"article:modified_time\" content=\"2022-01-20T03:25:42+00:00\" \/>\n<meta name=\"twitter:card\" content=\"summary_large_image\" \/>\n<meta name=\"twitter:label1\" content=\"Est. reading time\" \/>\n\t<meta name=\"twitter:data1\" content=\"1 minute\" \/>\n<script type=\"application\/ld+json\" class=\"yoast-schema-graph\">{\"@context\":\"https:\/\/schema.org\",\"@graph\":[{\"@type\":\"WebSite\",\"@id\":\"https:\/\/iabm.edu.vn\/#website\",\"url\":\"https:\/\/iabm.edu.vn\/\",\"name\":\"Institute of Accounting and Business Management (IABM)\",\"description\":\"Institute of Accounting and Business Management (IABM)\",\"potentialAction\":[{\"@type\":\"SearchAction\",\"target\":{\"@type\":\"EntryPoint\",\"urlTemplate\":\"https:\/\/iabm.edu.vn\/?s={search_term_string}\"},\"query-input\":\"required name=search_term_string\"}],\"inLanguage\":\"en-US\"},{\"@type\":\"WebPage\",\"@id\":\"https:\/\/iabm.edu.vn\/en\/contact-us\/#webpage\",\"url\":\"https:\/\/iabm.edu.vn\/en\/contact-us\/\",\"name\":\"Contact us - Institute of Accounting and Business Management (IABM)\",\"isPartOf\":{\"@id\":\"https:\/\/iabm.edu.vn\/#website\"},\"datePublished\":\"2021-12-13T03:18:22+00:00\",\"dateModified\":\"2022-01-20T03:25:42+00:00\",\"description\":\"\u0110\u01b0\u1ee3c th\u00e0nh l\u1eadp v\u00e0o n\u0103m 2003, Vi\u1ec7n K\u1ebf to\u00e1n v\u00e0 Qu\u1ea3n tr\u1ecb doanh nghi\u1ec7p (IABM) l\u00e0 m\u1ed9t trong s\u1ed1 \u00edt nh\u1eefng Vi\u1ec7n \u0111\u00e0o t\u1ea1o ti\u00ean phong t\u1ea1i Vi\u1ec7t Nam v\u1ec1 K\u1ebf to\u00e1n, T\u00e0i ch\u00ednh, Qu\u1ea3n tr\u1ecb nh\u00e2n s\u1ef1 v\u00e0 c\u00e1c k\u1ef9 n\u0103ng l\u00e3nh \u0111\u1ea1o t\u1ed1i quan tr\u1ecdng kh\u00e1c trong doanh nghi\u1ec7p.\",\"breadcrumb\":{\"@id\":\"https:\/\/iabm.edu.vn\/en\/contact-us\/#breadcrumb\"},\"inLanguage\":\"en-US\",\"potentialAction\":[{\"@type\":\"ReadAction\",\"target\":[\"https:\/\/iabm.edu.vn\/en\/contact-us\/\"]}]},{\"@type\":\"BreadcrumbList\",\"@id\":\"https:\/\/iabm.edu.vn\/en\/contact-us\/#breadcrumb\",\"itemListElement\":[{\"@type\":\"ListItem\",\"position\":1,\"name\":\"Home\",\"item\":\"https:\/\/iabm.edu.vn\/en\/\"},{\"@type\":\"ListItem\",\"position\":2,\"name\":\"Contact us\"}]}]}<\/script>\n<!-- \/ Yoast SEO plugin. -->","yoast_head_json":{"title":"Contact us - Institute of Accounting and Business Management (IABM)","description":"\u0110\u01b0\u1ee3c th\u00e0nh l\u1eadp v\u00e0o n\u0103m 2003, Vi\u1ec7n K\u1ebf to\u00e1n v\u00e0 Qu\u1ea3n tr\u1ecb doanh nghi\u1ec7p (IABM) l\u00e0 m\u1ed9t trong s\u1ed1 \u00edt nh\u1eefng Vi\u1ec7n \u0111\u00e0o t\u1ea1o ti\u00ean phong t\u1ea1i Vi\u1ec7t Nam v\u1ec1 K\u1ebf to\u00e1n, T\u00e0i ch\u00ednh, Qu\u1ea3n tr\u1ecb nh\u00e2n s\u1ef1 v\u00e0 c\u00e1c k\u1ef9 n\u0103ng l\u00e3nh \u0111\u1ea1o t\u1ed1i quan tr\u1ecdng kh\u00e1c trong doanh nghi\u1ec7p.","robots":{"index":"index","follow":"follow","max-snippet":"max-snippet:-1","max-image-preview":"max-image-preview:large","max-video-preview":"max-video-preview:-1"},"canonical":"https:\/\/iabm.edu.vn\/en\/contact-us\/","og_locale":"en_US","og_type":"article","og_title":"Contact us - Institute of Accounting and Business Management (IABM)","og_description":"\u0110\u01b0\u1ee3c th\u00e0nh l\u1eadp v\u00e0o n\u0103m 2003, Vi\u1ec7n K\u1ebf to\u00e1n v\u00e0 Qu\u1ea3n tr\u1ecb doanh nghi\u1ec7p (IABM) l\u00e0 m\u1ed9t trong s\u1ed1 \u00edt nh\u1eefng Vi\u1ec7n \u0111\u00e0o t\u1ea1o ti\u00ean phong t\u1ea1i Vi\u1ec7t Nam v\u1ec1 K\u1ebf to\u00e1n, T\u00e0i ch\u00ednh, Qu\u1ea3n tr\u1ecb nh\u00e2n s\u1ef1 v\u00e0 c\u00e1c k\u1ef9 n\u0103ng l\u00e3nh \u0111\u1ea1o t\u1ed1i quan tr\u1ecdng kh\u00e1c trong doanh nghi\u1ec7p.","og_url":"https:\/\/iabm.edu.vn\/en\/contact-us\/","og_site_name":"Institute of Accounting and Business Management (IABM)","article_modified_time":"2022-01-20T03:25:42+00:00","twitter_card":"summary_large_image","twitter_misc":{"Est. reading time":"1 minute"},"schema":{"@context":"https:\/\/schema.org","@graph":[{"@type":"WebSite","@id":"https:\/\/iabm.edu.vn\/#website","url":"https:\/\/iabm.edu.vn\/","name":"Institute of Accounting and Business Management (IABM)","description":"Institute of Accounting and Business Management (IABM)","potentialAction":[{"@type":"SearchAction","target":{"@type":"EntryPoint","urlTemplate":"https:\/\/iabm.edu.vn\/?s={search_term_string}"},"query-input":"required name=search_term_string"}],"inLanguage":"en-US"},{"@type":"WebPage","@id":"https:\/\/iabm.edu.vn\/en\/contact-us\/#webpage","url":"https:\/\/iabm.edu.vn\/en\/contact-us\/","name":"Contact us - Institute of Accounting and Business Management (IABM)","isPartOf":{"@id":"https:\/\/iabm.edu.vn\/#website"},"datePublished":"2021-12-13T03:18:22+00:00","dateModified":"2022-01-20T03:25:42+00:00","description":"\u0110\u01b0\u1ee3c th\u00e0nh l\u1eadp v\u00e0o n\u0103m 2003, Vi\u1ec7n K\u1ebf to\u00e1n v\u00e0 Qu\u1ea3n tr\u1ecb doanh nghi\u1ec7p (IABM) l\u00e0 m\u1ed9t trong s\u1ed1 \u00edt nh\u1eefng Vi\u1ec7n \u0111\u00e0o t\u1ea1o ti\u00ean phong t\u1ea1i Vi\u1ec7t Nam v\u1ec1 K\u1ebf to\u00e1n, T\u00e0i ch\u00ednh, Qu\u1ea3n tr\u1ecb nh\u00e2n s\u1ef1 v\u00e0 c\u00e1c k\u1ef9 n\u0103ng l\u00e3nh \u0111\u1ea1o t\u1ed1i quan tr\u1ecdng kh\u00e1c trong doanh nghi\u1ec7p.","breadcrumb":{"@id":"https:\/\/iabm.edu.vn\/en\/contact-us\/#breadcrumb"},"inLanguage":"en-US","potentialAction":[{"@type":"ReadAction","target":["https:\/\/iabm.edu.vn\/en\/contact-us\/"]}]},{"@type":"BreadcrumbList","@id":"https:\/\/iabm.edu.vn\/en\/contact-us\/#breadcrumb","itemListElement":[{"@type":"ListItem","position":1,"name":"Home","item":"https:\/\/iabm.edu.vn\/en\/"},{"@type":"ListItem","position":2,"name":"Contact us"}]}]}},"_links":{"self":[{"href":"https:\/\/iabm.edu.vn\/en\/wp-json\/wp\/v2\/pages\/1742"}],"collection":[{"href":"https:\/\/iabm.edu.vn\/en\/wp-json\/wp\/v2\/pages"}],"about":[{"href":"https:\/\/iabm.edu.vn\/en\/wp-json\/wp\/v2\/types\/page"}],"author":[{"embeddable":true,"href":"https:\/\/iabm.edu.vn\/en\/wp-json\/wp\/v2\/users\/1"}],"replies":[{"embeddable":true,"href":"https:\/\/iabm.edu.vn\/en\/wp-json\/wp\/v2\/comments?post=1742"}],"version-history":[{"count":5,"href":"https:\/\/iabm.edu.vn\/en\/wp-json\/wp\/v2\/pages\/1742\/revisions"}],"predecessor-version":[{"id":18533,"href":"https:\/\/iabm.edu.vn\/en\/wp-json\/wp\/v2\/pages\/1742\/revisions\/18533"}],"wp:attachment":[{"href":"https:\/\/iabm.edu.vn\/en\/wp-json\/wp\/v2\/media?parent=1742"}],"curies":[{"name":"wp","href":"https:\/\/api.w.org\/{rel}","templated":true}]}}