{"id":23437,"date":"2022-09-22T13:47:09","date_gmt":"2022-09-22T06:47:09","guid":{"rendered":"https:\/\/iabm.edu.vn\/?page_id=23437"},"modified":"2022-09-23T11:28:30","modified_gmt":"2022-09-23T04:28:30","slug":"join-us-now","status":"publish","type":"page","link":"https:\/\/iabm.edu.vn\/en\/join-us-now\/","title":{"rendered":"Join us now"},"content":{"rendered":"<p>Register to join the community of Finance &#8211; Accounting professionals now. You will receive periodic materials with topics on skills and knowledge of Accounting &#8211; Finance, as well as event information and tuition incentives when registering for a course at IABM.<\/p>\n","protected":false},"excerpt":{"rendered":"<p>Register to join the community of Finance &#8211; Accounting professionals now. You will receive periodic materials with topics on skills and knowledge of Accounting &#8211; Finance, as well as event information and tuition incentives when registering for a course at IABM.<\/p>\n","protected":false},"author":1,"featured_media":0,"parent":0,"menu_order":0,"comment_status":"closed","ping_status":"closed","template":"page-tham-gia-ngay.php","meta":[],"yoast_head":"<!-- This site is optimized with the Yoast SEO plugin v18.1 - https:\/\/yoast.com\/wordpress\/plugins\/seo\/ -->\n<title>Join us now - Institute of Accounting and Business Management (IABM)<\/title>\n<meta name=\"description\" content=\"\u0110\u01b0\u1ee3c th\u00e0nh l\u1eadp v\u00e0o n\u0103m 2003, Vi\u1ec7n K\u1ebf to\u00e1n v\u00e0 Qu\u1ea3n tr\u1ecb doanh nghi\u1ec7p (IABM) l\u00e0 m\u1ed9t trong s\u1ed1 \u00edt nh\u1eefng Vi\u1ec7n \u0111\u00e0o t\u1ea1o ti\u00ean phong t\u1ea1i Vi\u1ec7t Nam v\u1ec1 K\u1ebf to\u00e1n, T\u00e0i ch\u00ednh, Qu\u1ea3n tr\u1ecb nh\u00e2n s\u1ef1 v\u00e0 c\u00e1c k\u1ef9 n\u0103ng l\u00e3nh \u0111\u1ea1o t\u1ed1i quan tr\u1ecdng kh\u00e1c trong doanh nghi\u1ec7p.\" \/>\n<meta name=\"robots\" content=\"index, follow, max-snippet:-1, max-image-preview:large, max-video-preview:-1\" \/>\n<link rel=\"canonical\" href=\"https:\/\/iabm.edu.vn\/en\/join-us-now\/\" \/>\n<meta property=\"og:locale\" content=\"en_US\" \/>\n<meta property=\"og:type\" content=\"article\" \/>\n<meta property=\"og:title\" content=\"Join us now - Institute of Accounting and Business Management (IABM)\" \/>\n<meta property=\"og:description\" content=\"\u0110\u01b0\u1ee3c th\u00e0nh l\u1eadp v\u00e0o n\u0103m 2003, Vi\u1ec7n K\u1ebf to\u00e1n v\u00e0 Qu\u1ea3n tr\u1ecb doanh nghi\u1ec7p (IABM) l\u00e0 m\u1ed9t trong s\u1ed1 \u00edt nh\u1eefng Vi\u1ec7n \u0111\u00e0o t\u1ea1o ti\u00ean phong t\u1ea1i Vi\u1ec7t Nam v\u1ec1 K\u1ebf to\u00e1n, T\u00e0i ch\u00ednh, Qu\u1ea3n tr\u1ecb nh\u00e2n s\u1ef1 v\u00e0 c\u00e1c k\u1ef9 n\u0103ng l\u00e3nh \u0111\u1ea1o t\u1ed1i quan tr\u1ecdng kh\u00e1c trong doanh nghi\u1ec7p.\" \/>\n<meta property=\"og:url\" content=\"https:\/\/iabm.edu.vn\/en\/join-us-now\/\" \/>\n<meta property=\"og:site_name\" content=\"Institute of Accounting and Business Management (IABM)\" \/>\n<meta property=\"article:modified_time\" content=\"2022-09-23T04:28:30+00:00\" \/>\n<meta name=\"twitter:card\" content=\"summary_large_image\" \/>\n<script type=\"application\/ld+json\" class=\"yoast-schema-graph\">{\"@context\":\"https:\/\/schema.org\",\"@graph\":[{\"@type\":\"WebSite\",\"@id\":\"https:\/\/iabm.edu.vn\/#website\",\"url\":\"https:\/\/iabm.edu.vn\/\",\"name\":\"Institute of Accounting and Business Management (IABM)\",\"description\":\"Institute of Accounting and Business Management (IABM)\",\"potentialAction\":[{\"@type\":\"SearchAction\",\"target\":{\"@type\":\"EntryPoint\",\"urlTemplate\":\"https:\/\/iabm.edu.vn\/?s={search_term_string}\"},\"query-input\":\"required name=search_term_string\"}],\"inLanguage\":\"en-US\"},{\"@type\":\"WebPage\",\"@id\":\"https:\/\/iabm.edu.vn\/en\/join-us-now\/#webpage\",\"url\":\"https:\/\/iabm.edu.vn\/en\/join-us-now\/\",\"name\":\"Join us now - Institute of Accounting and Business Management (IABM)\",\"isPartOf\":{\"@id\":\"https:\/\/iabm.edu.vn\/#website\"},\"datePublished\":\"2022-09-22T06:47:09+00:00\",\"dateModified\":\"2022-09-23T04:28:30+00:00\",\"description\":\"\u0110\u01b0\u1ee3c th\u00e0nh l\u1eadp v\u00e0o n\u0103m 2003, Vi\u1ec7n K\u1ebf to\u00e1n v\u00e0 Qu\u1ea3n tr\u1ecb doanh nghi\u1ec7p (IABM) l\u00e0 m\u1ed9t trong s\u1ed1 \u00edt nh\u1eefng Vi\u1ec7n \u0111\u00e0o t\u1ea1o ti\u00ean phong t\u1ea1i Vi\u1ec7t Nam v\u1ec1 K\u1ebf to\u00e1n, T\u00e0i ch\u00ednh, Qu\u1ea3n tr\u1ecb nh\u00e2n s\u1ef1 v\u00e0 c\u00e1c k\u1ef9 n\u0103ng l\u00e3nh \u0111\u1ea1o t\u1ed1i quan tr\u1ecdng kh\u00e1c trong doanh nghi\u1ec7p.\",\"breadcrumb\":{\"@id\":\"https:\/\/iabm.edu.vn\/en\/join-us-now\/#breadcrumb\"},\"inLanguage\":\"en-US\",\"potentialAction\":[{\"@type\":\"ReadAction\",\"target\":[\"https:\/\/iabm.edu.vn\/en\/join-us-now\/\"]}]},{\"@type\":\"BreadcrumbList\",\"@id\":\"https:\/\/iabm.edu.vn\/en\/join-us-now\/#breadcrumb\",\"itemListElement\":[{\"@type\":\"ListItem\",\"position\":1,\"name\":\"Home\",\"item\":\"https:\/\/iabm.edu.vn\/en\/\"},{\"@type\":\"ListItem\",\"position\":2,\"name\":\"Join us now\"}]}]}<\/script>\n<!-- \/ Yoast SEO plugin. -->","yoast_head_json":{"title":"Join us now - Institute of Accounting and Business Management (IABM)","description":"\u0110\u01b0\u1ee3c th\u00e0nh l\u1eadp v\u00e0o n\u0103m 2003, Vi\u1ec7n K\u1ebf to\u00e1n v\u00e0 Qu\u1ea3n tr\u1ecb doanh nghi\u1ec7p (IABM) l\u00e0 m\u1ed9t trong s\u1ed1 \u00edt nh\u1eefng Vi\u1ec7n \u0111\u00e0o t\u1ea1o ti\u00ean phong t\u1ea1i Vi\u1ec7t Nam v\u1ec1 K\u1ebf to\u00e1n, T\u00e0i ch\u00ednh, Qu\u1ea3n tr\u1ecb nh\u00e2n s\u1ef1 v\u00e0 c\u00e1c k\u1ef9 n\u0103ng l\u00e3nh \u0111\u1ea1o t\u1ed1i quan tr\u1ecdng kh\u00e1c trong doanh nghi\u1ec7p.","robots":{"index":"index","follow":"follow","max-snippet":"max-snippet:-1","max-image-preview":"max-image-preview:large","max-video-preview":"max-video-preview:-1"},"canonical":"https:\/\/iabm.edu.vn\/en\/join-us-now\/","og_locale":"en_US","og_type":"article","og_title":"Join us now - Institute of Accounting and Business Management (IABM)","og_description":"\u0110\u01b0\u1ee3c th\u00e0nh l\u1eadp v\u00e0o n\u0103m 2003, Vi\u1ec7n K\u1ebf to\u00e1n v\u00e0 Qu\u1ea3n tr\u1ecb doanh nghi\u1ec7p (IABM) l\u00e0 m\u1ed9t trong s\u1ed1 \u00edt nh\u1eefng Vi\u1ec7n \u0111\u00e0o t\u1ea1o ti\u00ean phong t\u1ea1i Vi\u1ec7t Nam v\u1ec1 K\u1ebf to\u00e1n, T\u00e0i ch\u00ednh, Qu\u1ea3n tr\u1ecb nh\u00e2n s\u1ef1 v\u00e0 c\u00e1c k\u1ef9 n\u0103ng l\u00e3nh \u0111\u1ea1o t\u1ed1i quan tr\u1ecdng kh\u00e1c trong doanh nghi\u1ec7p.","og_url":"https:\/\/iabm.edu.vn\/en\/join-us-now\/","og_site_name":"Institute of Accounting and Business Management (IABM)","article_modified_time":"2022-09-23T04:28:30+00:00","twitter_card":"summary_large_image","schema":{"@context":"https:\/\/schema.org","@graph":[{"@type":"WebSite","@id":"https:\/\/iabm.edu.vn\/#website","url":"https:\/\/iabm.edu.vn\/","name":"Institute of Accounting and Business Management (IABM)","description":"Institute of Accounting and Business Management (IABM)","potentialAction":[{"@type":"SearchAction","target":{"@type":"EntryPoint","urlTemplate":"https:\/\/iabm.edu.vn\/?s={search_term_string}"},"query-input":"required name=search_term_string"}],"inLanguage":"en-US"},{"@type":"WebPage","@id":"https:\/\/iabm.edu.vn\/en\/join-us-now\/#webpage","url":"https:\/\/iabm.edu.vn\/en\/join-us-now\/","name":"Join us now - Institute of Accounting and Business Management (IABM)","isPartOf":{"@id":"https:\/\/iabm.edu.vn\/#website"},"datePublished":"2022-09-22T06:47:09+00:00","dateModified":"2022-09-23T04:28:30+00:00","description":"\u0110\u01b0\u1ee3c th\u00e0nh l\u1eadp v\u00e0o n\u0103m 2003, Vi\u1ec7n K\u1ebf to\u00e1n v\u00e0 Qu\u1ea3n tr\u1ecb doanh nghi\u1ec7p (IABM) l\u00e0 m\u1ed9t trong s\u1ed1 \u00edt nh\u1eefng Vi\u1ec7n \u0111\u00e0o t\u1ea1o ti\u00ean phong t\u1ea1i Vi\u1ec7t Nam v\u1ec1 K\u1ebf to\u00e1n, T\u00e0i ch\u00ednh, Qu\u1ea3n tr\u1ecb nh\u00e2n s\u1ef1 v\u00e0 c\u00e1c k\u1ef9 n\u0103ng l\u00e3nh \u0111\u1ea1o t\u1ed1i quan tr\u1ecdng kh\u00e1c trong doanh nghi\u1ec7p.","breadcrumb":{"@id":"https:\/\/iabm.edu.vn\/en\/join-us-now\/#breadcrumb"},"inLanguage":"en-US","potentialAction":[{"@type":"ReadAction","target":["https:\/\/iabm.edu.vn\/en\/join-us-now\/"]}]},{"@type":"BreadcrumbList","@id":"https:\/\/iabm.edu.vn\/en\/join-us-now\/#breadcrumb","itemListElement":[{"@type":"ListItem","position":1,"name":"Home","item":"https:\/\/iabm.edu.vn\/en\/"},{"@type":"ListItem","position":2,"name":"Join us now"}]}]}},"_links":{"self":[{"href":"https:\/\/iabm.edu.vn\/en\/wp-json\/wp\/v2\/pages\/23437"}],"collection":[{"href":"https:\/\/iabm.edu.vn\/en\/wp-json\/wp\/v2\/pages"}],"about":[{"href":"https:\/\/iabm.edu.vn\/en\/wp-json\/wp\/v2\/types\/page"}],"author":[{"embeddable":true,"href":"https:\/\/iabm.edu.vn\/en\/wp-json\/wp\/v2\/users\/1"}],"replies":[{"embeddable":true,"href":"https:\/\/iabm.edu.vn\/en\/wp-json\/wp\/v2\/comments?post=23437"}],"version-history":[{"count":6,"href":"https:\/\/iabm.edu.vn\/en\/wp-json\/wp\/v2\/pages\/23437\/revisions"}],"predecessor-version":[{"id":23472,"href":"https:\/\/iabm.edu.vn\/en\/wp-json\/wp\/v2\/pages\/23437\/revisions\/23472"}],"wp:attachment":[{"href":"https:\/\/iabm.edu.vn\/en\/wp-json\/wp\/v2\/media?parent=23437"}],"curies":[{"name":"wp","href":"https:\/\/api.w.org\/{rel}","templated":true}]}}